{"id":16730,"date":"2022-03-22T15:41:25","date_gmt":"2022-03-22T14:41:25","guid":{"rendered":"http:\/\/www.waldkindergarten-tarp.de\/wordpress\/?page_id=16730"},"modified":"2025-02-12T22:44:45","modified_gmt":"2025-02-12T21:44:45","slug":"oeffnungszeiten","status":"publish","type":"page","link":"https:\/\/www.waldkindergarten-tarp.de\/wordpress\/oeffnungszeiten\/","title":{"rendered":"\u00d6ffnungszeiten"},"content":{"rendered":"<p>[et_pb_section fb_built=&#8220;1&#8243; inner_shadow=&#8220;on&#8220; admin_label=&#8220;Hero Section&#8220; _builder_version=&#8220;4.14.7&#8243; background_enable_color=&#8220;off&#8220; background_color_gradient_start=&#8220;#1bb3eb&#8220; background_color_gradient_end=&#8220;#25efcb&#8220; background_color_gradient_direction=&#8220;72deg&#8220; background_image=&#8220;http:\/\/www.waldkindergarten-tarp.de\/wordpress\/wp-content\/uploads\/2017\/05\/WP_20160909_11_18_34_Pro.jpg&#8220; custom_padding=&#8220;110px|0px|224px|0px||&#8220; bottom_divider_color=&#8220;#96bf0d&#8220; global_colors_info=&#8220;{}&#8220;][et_pb_row column_structure=&#8220;3_4,1_4&#8243; _builder_version=&#8220;4.14.7&#8243; custom_margin=&#8220;4px|148px||auto||&#8220; global_colors_info=&#8220;{}&#8220;][et_pb_column type=&#8220;3_4&#8243; _builder_version=&#8220;3.25&#8243; custom_padding=&#8220;60px|||&#8220; global_colors_info=&#8220;{}&#8220; custom_padding__hover=&#8220;|||&#8220;][et_pb_text _builder_version=&#8220;4.14.7&#8243; text_font=&#8220;||||||||&#8220; header_font=&#8220;Poppins||||||||&#8220; header_text_color=&#8220;#ffffff&#8220; header_font_size=&#8220;56px&#8220; header_line_height=&#8220;1.3em&#8220; background_color=&#8220;rgba(142,142,142,0.59)&#8220; custom_padding=&#8220;|||9px|false|false&#8220; animation_style=&#8220;fade&#8220; global_colors_info=&#8220;{}&#8220;]<\/p>\n<h1 style=\"text-align: left;\">Waldkindergarten Tarp e.V.<\/h1>\n<p>[\/et_pb_text][\/et_pb_column][et_pb_column type=&#8220;1_4&#8243; _builder_version=&#8220;3.25&#8243; custom_padding=&#8220;60px|||&#8220; global_colors_info=&#8220;{}&#8220; custom_padding__hover=&#8220;|||&#8220;][\/et_pb_column][\/et_pb_row][\/et_pb_section][et_pb_section fb_built=&#8220;1&#8243; admin_label=&#8220;About Us Section&#8220; _builder_version=&#8220;4.14.7&#8243; custom_margin=&#8220;-155px||-78px|||&#8220; custom_padding=&#8220;80px|0px|30px|0px||&#8220; top_divider_color=&#8220;#96bf0d&#8220; global_colors_info=&#8220;{}&#8220;][et_pb_row column_structure=&#8220;3_5,2_5&#8243; admin_label=&#8220;Row&#8220; _builder_version=&#8220;3.25&#8243; custom_margin=&#8220;30px|auto||auto||&#8220; custom_padding=&#8220;||98px|||&#8220; global_colors_info=&#8220;{}&#8220;][et_pb_column type=&#8220;3_5&#8243; _builder_version=&#8220;3.25&#8243; custom_padding=&#8220;|||&#8220; global_colors_info=&#8220;{}&#8220; custom_padding__hover=&#8220;|||&#8220;][et_pb_text _builder_version=&#8220;4.14.7&#8243; text_font=&#8220;||||||||&#8220; header_font=&#8220;||||||||&#8220; header_3_font=&#8220;Poppins|600|||||||&#8220; header_3_text_color=&#8220;#01632f&#8220; header_3_font_size=&#8220;36px&#8220; header_3_line_height=&#8220;1.4em&#8220; global_colors_info=&#8220;{}&#8220;]<\/p>\n<h3>Unsere \u00d6ffnungszeiten<\/h3>\n<p>[\/et_pb_text][et_pb_text _builder_version=&#8220;4.14.7&#8243; text_font=&#8220;||||||||&#8220; header_font=&#8220;||||||||&#8220; header_2_font=&#8220;Poppins|500||on|||||&#8220; header_2_text_color=&#8220;#55ab26&#8243; header_2_font_size=&#8220;18px&#8220; header_2_letter_spacing=&#8220;1px&#8220; header_2_line_height=&#8220;1.3em&#8220; custom_margin=&#8220;||20px|&#8220; saved_tabs=&#8220;all&#8220; locked=&#8220;off&#8220; global_colors_info=&#8220;{}&#8220;]<\/p>\n<h2>Montag bis Freitag:<\/h2>\n<p>[\/et_pb_text][et_pb_text _builder_version=&#8220;4.14.7&#8243; text_font=&#8220;Open Sans||||||||&#8220; text_text_color=&#8220;#486066&#8243; text_line_height=&#8220;1.8em&#8220; header_font=&#8220;||||||||&#8220; global_colors_info=&#8220;{}&#8220;]<\/p>\n<ul>\n<li>Fr\u00fchbetreuung: 07:30 Uhr bis 08:00 Uhr<\/li>\n<\/ul>\n<ul>\n<li>Kernzeit: 08:00 Uhr bis 13:00 Uhr<\/li>\n<\/ul>\n<ul>\n<li>Sp\u00e4tbetreuung: 13:00 Uhr bis 14:00 Uhr<\/li>\n<\/ul>\n<ul><\/ul>\n<p>[\/et_pb_text][et_pb_text _builder_version=&#8220;4.14.7&#8243; text_font=&#8220;||||||||&#8220; header_font=&#8220;||||||||&#8220; header_2_font=&#8220;Poppins|500||on|||||&#8220; header_2_text_color=&#8220;#55ab26&#8243; header_2_font_size=&#8220;18px&#8220; header_2_letter_spacing=&#8220;1px&#8220; header_2_line_height=&#8220;1.3em&#8220; custom_margin=&#8220;||20px|&#8220; saved_tabs=&#8220;all&#8220; locked=&#8220;off&#8220; global_colors_info=&#8220;{}&#8220;]<\/p>\n<h2>Unsere j\u00e4hrlichen Schlie\u00dfzeiten sind:<\/h2>\n<p>[\/et_pb_text][et_pb_text _builder_version=&#8220;4.14.7&#8243; text_font=&#8220;Open Sans||||||||&#8220; text_text_color=&#8220;#486066&#8243; text_line_height=&#8220;1.8em&#8220; header_font=&#8220;||||||||&#8220; global_colors_info=&#8220;{}&#8220;]<\/p>\n<ul>\n<li>die zweite Woche der Osterferien<\/li>\n<\/ul>\n<ul>\n<li>Freitag nach Pfingsten<\/li>\n<\/ul>\n<ul>\n<li>die letzten drei Wochen der Sommerferien<\/li>\n<\/ul>\n<ul>\n<li>die erste Woche der Weihnachtsferien<\/li>\n<\/ul>\n<ul>\n<li>Zus\u00e4tzlich gibt es nach den Sommerferien und nach den Weihnachtsferien jeweils einen Teamtag. An diesen beiden Tagen ist der Waldkindergarten geschlossen.<\/li>\n<\/ul>\n<p>[\/et_pb_text][\/et_pb_column][et_pb_column type=&#8220;2_5&#8243; _builder_version=&#8220;3.25&#8243; custom_padding=&#8220;|||&#8220; global_colors_info=&#8220;{}&#8220; custom_padding__hover=&#8220;|||&#8220;][et_pb_image src=&#8220;http:\/\/www.waldkindergarten-tarp.de\/wordpress\/wp-content\/uploads\/2022\/03\/wkgt_ev_logo-2-300&#215;237-1.png&#8220; title_text=&#8220;wkgt_ev_logo-2-300&#215;237&#8243; align=&#8220;center&#8220; align_tablet=&#8220;center&#8220; align_phone=&#8220;&#8220; align_last_edited=&#8220;on|desktop&#8220; _builder_version=&#8220;4.14.7&#8243; animation_style=&#8220;slide&#8220; animation_direction=&#8220;left&#8220; animation_intensity_slide=&#8220;8%&#8220; global_colors_info=&#8220;{}&#8220;][\/et_pb_image][\/et_pb_column][\/et_pb_row][\/et_pb_section][et_pb_section fb_built=&#8220;1&#8243; prev_background_color=&#8220;#ffffff&#8220; admin_label=&#8220;Why Choose Us Section&#8220; _builder_version=&#8220;4.14.7&#8243; use_background_color_gradient=&#8220;on&#8220; background_color_gradient_start=&#8220;#fbab7e&#8220; background_color_gradient_end=&#8220;#f7ce68&#8243; background_color_gradient_direction=&#8220;234deg&#8220; custom_padding=&#8220;1px|0px|79px|0px||&#8220; top_divider_style=&#8220;wave&#8220; global_colors_info=&#8220;{}&#8220;][et_pb_row column_structure=&#8220;3_5,2_5&#8243; _builder_version=&#8220;3.25&#8243; background_size=&#8220;initial&#8220; background_position=&#8220;top_left&#8220; background_repeat=&#8220;repeat&#8220; custom_margin=&#8220;47px|auto||auto||&#8220; custom_padding=&#8220;|||&#8220; locked=&#8220;off&#8220; global_colors_info=&#8220;{}&#8220;][et_pb_column type=&#8220;3_5&#8243; _builder_version=&#8220;3.25&#8243; custom_padding=&#8220;60px|||&#8220; global_colors_info=&#8220;{}&#8220; custom_padding__hover=&#8220;|||&#8220;][et_pb_text _builder_version=&#8220;4.14.7&#8243; text_font=&#8220;||||||||&#8220; header_font=&#8220;||||||||&#8220; header_2_font=&#8220;Poppins|500||on|||||&#8220; header_2_text_color=&#8220;#55ab26&#8243; header_2_font_size=&#8220;23px&#8220; header_2_letter_spacing=&#8220;1px&#8220; header_2_line_height=&#8220;1.3em&#8220; custom_margin=&#8220;||20px|&#8220; saved_tabs=&#8220;all&#8220; locked=&#8220;off&#8220; global_colors_info=&#8220;{}&#8220;]<\/p>\n<h2>Schnuppertag<\/h2>\n<p>[\/et_pb_text][et_pb_text _builder_version=&#8220;4.14.7&#8243; text_font=&#8220;Open Sans||||||||&#8220; text_line_height=&#8220;1.8em&#8220; header_font=&#8220;||||||||&#8220; background_layout=&#8220;dark&#8220; global_colors_info=&#8220;{}&#8220;]<\/p>\n<p>Um Eltern und Kinder einen Einblick in den Waldkindergarten zu erm\u00f6glichen, ist es nach Absprache mit den Erziehern jederzeit m\u00f6glich ein oder mehrere Schnuppertage im Wald zu verbringen.<\/p>\n<p>Auf diese Weise k\u00f6nnen die \u00fcblicherweise ein- bis zweij\u00e4hrigen Kinder in Begleitung ihrer Eltern die ersten Kontakte mit gleichaltrigen, den Erziehern und dem Wald kn\u00fcpfen. Eltern und Kinder bekommen einen Eindruck vom Waldkindergarten.<\/p>\n<p>Der Tagesablauf im Wald wird miterlebt, Fragen werden direkt &#8222;vor Ort&#8220; gekl\u00e4rt.<br \/>Das Treffen ist um 8.30Uhr. Wir w\u00fcrden uns \u00fcber eine telefonische Anmeldung freuen.<strong> Telefonnummer Ulrike: 01520-3022272<\/strong><\/p>\n<p>[\/et_pb_text][\/et_pb_column][et_pb_column type=&#8220;2_5&#8243; _builder_version=&#8220;3.25&#8243; custom_padding=&#8220;|||&#8220; global_colors_info=&#8220;{}&#8220; custom_padding__hover=&#8220;|||&#8220;][et_pb_image src=&#8220;http:\/\/www.waldkindergarten-tarp.de\/wordpress\/wp-content\/uploads\/2017\/05\/IMG_0798.jpg&#8220; title_text=&#8220;IMG_0798&#8243; align_tablet=&#8220;center&#8220; align_phone=&#8220;&#8220; align_last_edited=&#8220;on|desktop&#8220; _builder_version=&#8220;4.14.7&#8243; module_alignment=&#8220;center&#8220; height=&#8220;466px&#8220; custom_margin=&#8220;65px|||||&#8220; animation_style=&#8220;fade&#8220; global_colors_info=&#8220;{}&#8220;][\/et_pb_image][\/et_pb_column][\/et_pb_row][\/et_pb_section][et_pb_section fb_built=&#8220;1&#8243; admin_label=&#8220;Join Now Call to Action&#8220; _builder_version=&#8220;4.14.7&#8243; background_color=&#8220;rgba(85,171,38,0.23)&#8220; background_color_gradient_start=&#8220;#25efcb&#8220; background_color_gradient_end=&#8220;#1bb3eb&#8220; background_color_gradient_direction=&#8220;221deg&#8220; width=&#8220;100%&#8220; max_width=&#8220;100%&#8220; custom_margin=&#8220;|||&#8220; custom_padding=&#8220;65px|0px|65px|0px|false|false&#8220; top_divider_style=&#8220;wave&#8220; top_divider_color=&#8220;#FFFFFF&#8220; global_colors_info=&#8220;{}&#8220;][et_pb_row column_structure=&#8220;1_4,1_4,1_4,1_4&#8243; _builder_version=&#8220;4.14.7&#8243; width=&#8220;100%&#8220; custom_margin=&#8220;55px||||false|false&#8220; custom_padding=&#8220;0px||||false|false&#8220; global_colors_info=&#8220;{}&#8220;][et_pb_column type=&#8220;1_4&#8243; _builder_version=&#8220;4.14.7&#8243; _module_preset=&#8220;default&#8220; global_colors_info=&#8220;{}&#8220;][et_pb_blurb title=&#8220; Standort&#8220; use_icon=&#8220;on&#8220; font_icon=&#8220;&#xe009;||divi||400&#8243; icon_color=&#8220;#01632f&#8220; image_icon_width=&#8220;50px&#8220; admin_label=&#8220;Class&#8220; _builder_version=&#8220;4.14.7&#8243; header_level=&#8220;h3&#8243; header_font=&#8220;Poppins|600|||||||&#8220; header_text_align=&#8220;center&#8220; header_text_color=&#8220;#01632f&#8220; header_font_size=&#8220;18px&#8220; header_line_height=&#8220;1.3em&#8220; body_font=&#8220;Open Sans||||||||&#8220; body_text_align=&#8220;center&#8220; body_text_color=&#8220;#486066&#8243; body_line_height=&#8220;1.8em&#8220; background_color=&#8220;#FFFFFF&#8220; custom_margin=&#8220;0px||||false|false&#8220; custom_padding=&#8220;25px|30px|25px|30px|false|false&#8220; animation_style=&#8220;fade&#8220; animation_delay=&#8220;100ms&#8220; animation=&#8220;off&#8220; border_radii=&#8220;on|6px|6px|6px|6px&#8220; box_shadow_style=&#8220;preset1&#8243; box_shadow_vertical=&#8220;10px&#8220; box_shadow_blur=&#8220;24px&#8220; box_shadow_spread=&#8220;6px&#8220; box_shadow_color=&#8220;rgba(0,0,0,0.06)&#8220; global_colors_info=&#8220;{}&#8220;]<\/p>\n<p>Waldkindergarten Tarp e.V.<br \/>Harkielweg 4<br \/>24963 Tarp<\/p>\n<p>[\/et_pb_blurb][\/et_pb_column][et_pb_column type=&#8220;1_4&#8243; _builder_version=&#8220;3.25&#8243; custom_padding=&#8220;|||&#8220; global_colors_info=&#8220;{}&#8220; custom_padding__hover=&#8220;|||&#8220;][et_pb_blurb title=&#8220;Postanschrift&#8220; use_icon=&#8220;on&#8220; font_icon=&#8220;&#xe009;||divi||400&#8243; icon_color=&#8220;#96bf0d&#8220; image_icon_width=&#8220;50px&#8220; admin_label=&#8220;Class&#8220; _builder_version=&#8220;4.14.7&#8243; header_level=&#8220;h3&#8243; header_font=&#8220;Poppins|600|||||||&#8220; header_text_align=&#8220;center&#8220; header_text_color=&#8220;#96bf0d&#8220; header_font_size=&#8220;18px&#8220; header_line_height=&#8220;1.3em&#8220; body_font=&#8220;Open Sans||||||||&#8220; body_text_align=&#8220;center&#8220; body_text_color=&#8220;#486066&#8243; body_line_height=&#8220;1.8em&#8220; background_color=&#8220;#FFFFFF&#8220; custom_margin=&#8220;0px||||false|false&#8220; custom_padding=&#8220;25px|30px|25px|30px|false|false&#8220; animation_style=&#8220;fade&#8220; animation_delay=&#8220;100ms&#8220; animation=&#8220;off&#8220; border_radii=&#8220;on|6px|6px|6px|6px&#8220; box_shadow_style=&#8220;preset1&#8243; box_shadow_vertical=&#8220;10px&#8220; box_shadow_blur=&#8220;24px&#8220; box_shadow_spread=&#8220;6px&#8220; box_shadow_color=&#8220;rgba(0,0,0,0.06)&#8220; global_colors_info=&#8220;{}&#8220;]<\/p>\n<p>Waldkindergarten Tarp e.V.<br \/>Nadine Sandeck<br \/>Dweracker 9<br \/>24885 Sieverstedt<\/p>\n<p>[\/et_pb_blurb][\/et_pb_column][et_pb_column type=&#8220;1_4&#8243; _builder_version=&#8220;3.25&#8243; custom_padding=&#8220;|||&#8220; global_colors_info=&#8220;{}&#8220; custom_padding__hover=&#8220;|||&#8220;][et_pb_blurb title=&#8220;Telefon&#8220; use_icon=&#8220;on&#8220; font_icon=&#8220;&#xf87b;||fa||900&#8243; icon_color=&#8220;#e3166f&#8220; image_icon_width=&#8220;50px&#8220; admin_label=&#8220;Class&#8220; _builder_version=&#8220;4.14.7&#8243; header_level=&#8220;h3&#8243; header_font=&#8220;Poppins|600|||||||&#8220; header_text_align=&#8220;center&#8220; header_text_color=&#8220;#e3166f&#8220; header_font_size=&#8220;18px&#8220; header_line_height=&#8220;1.3em&#8220; body_font=&#8220;Open Sans||||||||&#8220; body_text_align=&#8220;center&#8220; body_text_color=&#8220;#486066&#8243; body_line_height=&#8220;1.8em&#8220; background_color=&#8220;#ffffff&#8220; custom_margin=&#8220;0px||||false|false&#8220; custom_padding=&#8220;25px|30px|25px|30px|false|false&#8220; animation_style=&#8220;fade&#8220; animation_delay=&#8220;100ms&#8220; animation=&#8220;off&#8220; hover_enabled=&#8220;0&#8243; border_radii=&#8220;on|6px|6px|6px|6px&#8220; box_shadow_style=&#8220;preset1&#8243; box_shadow_vertical=&#8220;10px&#8220; box_shadow_blur=&#8220;24px&#8220; box_shadow_spread=&#8220;6px&#8220; box_shadow_color=&#8220;rgba(0,0,0,0.06)&#8220; global_colors_info=&#8220;{}&#8220; sticky_enabled=&#8220;0&#8243;]<\/p>\n<p>Vorstand und<br \/>P\u00e4d. Leitung:<br \/>0155 \u2013 66894460<\/p>\n<p>[\/et_pb_blurb][\/et_pb_column][et_pb_column type=&#8220;1_4&#8243; _builder_version=&#8220;3.25&#8243; custom_padding=&#8220;|||&#8220; global_colors_info=&#8220;{}&#8220; custom_padding__hover=&#8220;|||&#8220;][et_pb_blurb title=&#8220;Email&#8220; use_icon=&#8220;on&#8220; font_icon=&#8220;&#xe010;||divi||400&#8243; icon_color=&#8220;#f29400&#8243; image_icon_width=&#8220;50px&#8220; admin_label=&#8220;Class&#8220; _builder_version=&#8220;4.14.7&#8243; header_level=&#8220;h3&#8243; header_font=&#8220;Poppins|600|||||||&#8220; header_text_align=&#8220;center&#8220; header_text_color=&#8220;#f29400&#8243; header_font_size=&#8220;18px&#8220; header_line_height=&#8220;1.3em&#8220; body_font=&#8220;Open Sans||||||||&#8220; body_text_align=&#8220;center&#8220; body_text_color=&#8220;#486066&#8243; body_line_height=&#8220;1.8em&#8220; background_color=&#8220;#ffffff&#8220; custom_margin=&#8220;0px||||false|false&#8220; custom_padding=&#8220;25px|30px|25px|30px|false|false&#8220; animation_style=&#8220;fade&#8220; animation_delay=&#8220;100ms&#8220; animation=&#8220;off&#8220; border_radii=&#8220;on|6px|6px|6px|6px&#8220; box_shadow_style=&#8220;preset1&#8243; box_shadow_vertical=&#8220;10px&#8220; box_shadow_blur=&#8220;24px&#8220; box_shadow_spread=&#8220;6px&#8220; box_shadow_color=&#8220;rgba(0,0,0,0.06)&#8220; global_colors_info=&#8220;{}&#8220;]<\/p>\n<p>vorstand(at)<br \/>waldkindergarten-tarp.de<\/p>\n<p>[\/et_pb_blurb][\/et_pb_column][\/et_pb_row][\/et_pb_section]<\/p>\n","protected":false},"excerpt":{"rendered":"<p>Waldkindergarten Tarp e.V.Unsere \u00d6ffnungszeitenMontag bis Freitag: Fr\u00fchbetreuung: 07:30 Uhr bis 08:00 Uhr Kernzeit: 08:00 Uhr bis 13:00 Uhr Sp\u00e4tbetreuung: 13:00 Uhr bis 14:00 Uhr Unsere j\u00e4hrlichen Schlie\u00dfzeiten sind: die zweite Woche der Osterferien Freitag nach Pfingsten die letzten drei Wochen der Sommerferien die erste Woche der Weihnachtsferien Zus\u00e4tzlich gibt es nach den Sommerferien und nach [&hellip;]<\/p>\n","protected":false},"author":2,"featured_media":0,"parent":0,"menu_order":0,"comment_status":"closed","ping_status":"closed","template":"","meta":{"_et_pb_use_builder":"on","_et_pb_old_content":"<h1><a href=\"http:\/\/www.waldkindergarten-tarp.de\/wordpress\/wp-content\/uploads\/2022\/03\/wkgt_ev_logo-2-300x237-1.png\"><img class=\"size-full wp-image-16720 alignright\" src=\"http:\/\/www.waldkindergarten-tarp.de\/wordpress\/wp-content\/uploads\/2022\/03\/wkgt_ev_logo-2-300x237-1.png\" alt=\"\" width=\"300\" height=\"237\" \/><\/a><\/h1>\r\n<!-- \/wp:heading --><!-- wp:paragraph --><!-- \/wp:paragraph --><!-- wp:heading {\"level\":1,\"align\":\"center\"} --><!-- \/wp:heading --><!-- wp:paragraph -->\r\n<p><strong>Unsere \u00d6ffnungszeiten sind:<\/strong><\/p>\r\n<!-- \/wp:paragraph --><!-- wp:paragraph -->\r\n<p>Montag bis Freitag<\/p>\r\n<!-- \/wp:paragraph --><!-- wp:list -->\r\n<ul>\r\n<li>Fr\u00fchbetreuung: 07:30 Uhr bis 08:00 Uhr<\/li>\r\n<\/ul>\r\n<!-- \/wp:list --><!-- wp:list -->\r\n<ul>\r\n<li>Kernzeit: 08:00 Uhr bis 13:00 Uhr<\/li>\r\n<\/ul>\r\n<!-- \/wp:list --><!-- wp:list -->\r\n<ul>\r\n<li>Sp\u00e4tbetreuung: 13:00 Uhr bis 14:00 Uhr<\/li>\r\n<\/ul>\r\n<!-- \/wp:list --><!-- wp:paragraph --><!-- \/wp:paragraph --><!-- wp:paragraph --><!-- \/wp:paragraph --><!-- wp:paragraph -->\r\n<p><strong>Unsere j\u00e4hrliche Schlie\u00dfzeiten sind:<\/strong><\/p>\r\n<!-- \/wp:paragraph --><!-- wp:list -->\r\n<ul>\r\n<li>die Zweite Woche der Osterferien<\/li>\r\n<\/ul>\r\n<!-- \/wp:list --><!-- wp:list -->\r\n<ul>\r\n<li>Freitag nach Pfingsten<\/li>\r\n<\/ul>\r\n<!-- \/wp:list --><!-- wp:list -->\r\n<ul>\r\n<li>die letzten drei Wochen der Sommerferien<\/li>\r\n<\/ul>\r\n<!-- \/wp:list --><!-- wp:list -->\r\n<ul>\r\n<li>die erste Woche der Weihnachtsferien<br \/><br \/><\/li>\r\n<li>Zus\u00e4tzlich gibt es nach den Sommerferien und nach den Weihnachtsferien jeweils einen Teamtag. An diesen beiden Tagen ist der Waldkindergarten geschlossen.<\/li>\r\n<\/ul>\r\n<!-- \/wp:list --><!-- wp:paragraph -->\r\n<p>\u00a0<\/p>\r\n<!-- \/wp:paragraph -->","_et_gb_content_width":"","pgc_sgb_lightbox_settings":"","jetpack_post_was_ever_published":false},"jetpack_sharing_enabled":true,"jetpack_shortlink":"https:\/\/wp.me\/P8J3oV-4lQ","_links":{"self":[{"href":"https:\/\/www.waldkindergarten-tarp.de\/wordpress\/wp-json\/wp\/v2\/pages\/16730"}],"collection":[{"href":"https:\/\/www.waldkindergarten-tarp.de\/wordpress\/wp-json\/wp\/v2\/pages"}],"about":[{"href":"https:\/\/www.waldkindergarten-tarp.de\/wordpress\/wp-json\/wp\/v2\/types\/page"}],"author":[{"embeddable":true,"href":"https:\/\/www.waldkindergarten-tarp.de\/wordpress\/wp-json\/wp\/v2\/users\/2"}],"replies":[{"embeddable":true,"href":"https:\/\/www.waldkindergarten-tarp.de\/wordpress\/wp-json\/wp\/v2\/comments?post=16730"}],"version-history":[{"count":27,"href":"https:\/\/www.waldkindergarten-tarp.de\/wordpress\/wp-json\/wp\/v2\/pages\/16730\/revisions"}],"predecessor-version":[{"id":17629,"href":"https:\/\/www.waldkindergarten-tarp.de\/wordpress\/wp-json\/wp\/v2\/pages\/16730\/revisions\/17629"}],"wp:attachment":[{"href":"https:\/\/www.waldkindergarten-tarp.de\/wordpress\/wp-json\/wp\/v2\/media?parent=16730"}],"curies":[{"name":"wp","href":"https:\/\/api.w.org\/{rel}","templated":true}]}}