{"id":16740,"date":"2022-03-22T15:55:11","date_gmt":"2022-03-22T14:55:11","guid":{"rendered":"http:\/\/www.waldkindergarten-tarp.de\/wordpress\/?page_id=16740"},"modified":"2025-02-12T22:58:28","modified_gmt":"2025-02-12T21:58:28","slug":"tagesablauf-2","status":"publish","type":"page","link":"https:\/\/www.waldkindergarten-tarp.de\/wordpress\/tagesablauf-2\/","title":{"rendered":"Tagesablauf"},"content":{"rendered":"<p>[et_pb_section fb_built=&#8220;1&#8243; admin_label=&#8220;Hero Section&#8220; _builder_version=&#8220;4.14.7&#8243; background_enable_color=&#8220;off&#8220; background_color_gradient_start=&#8220;#1bb3eb&#8220; background_color_gradient_end=&#8220;#25efcb&#8220; background_color_gradient_direction=&#8220;72deg&#8220; background_image=&#8220;http:\/\/www.waldkindergarten-tarp.de\/wordpress\/wp-content\/uploads\/2017\/05\/WP_20161124_09_33_49_Pro.jpg&#8220; custom_padding=&#8220;110px|0px|224px|0px||&#8220; bottom_divider_color=&#8220;#96bf0d&#8220; global_colors_info=&#8220;{}&#8220;][et_pb_row column_structure=&#8220;3_4,1_4&#8243; _builder_version=&#8220;4.14.7&#8243; custom_margin=&#8220;4px|148px||auto||&#8220; global_colors_info=&#8220;{}&#8220;][et_pb_column type=&#8220;3_4&#8243; _builder_version=&#8220;3.25&#8243; custom_padding=&#8220;60px|||&#8220; global_colors_info=&#8220;{}&#8220; custom_padding__hover=&#8220;|||&#8220;][et_pb_text _builder_version=&#8220;4.14.7&#8243; text_font=&#8220;||||||||&#8220; header_font=&#8220;Poppins||||||||&#8220; header_text_color=&#8220;#ffffff&#8220; header_font_size=&#8220;56px&#8220; header_line_height=&#8220;1.3em&#8220; background_color=&#8220;rgba(142,142,142,0.59)&#8220; custom_padding=&#8220;|||9px|false|false&#8220; animation_style=&#8220;fade&#8220; global_colors_info=&#8220;{}&#8220;]<\/p>\n<h1 style=\"text-align: left;\">Waldkindergarten Tarp e.V.<\/h1>\n<p>[\/et_pb_text][\/et_pb_column][et_pb_column type=&#8220;1_4&#8243; _builder_version=&#8220;3.25&#8243; custom_padding=&#8220;60px|||&#8220; global_colors_info=&#8220;{}&#8220; custom_padding__hover=&#8220;|||&#8220;][\/et_pb_column][\/et_pb_row][\/et_pb_section][et_pb_section fb_built=&#8220;1&#8243; admin_label=&#8220;About Us Section&#8220; _builder_version=&#8220;4.14.7&#8243; custom_margin=&#8220;-155px||-78px|||&#8220; custom_padding=&#8220;80px|0px|30px|0px||&#8220; top_divider_color=&#8220;#96bf0d&#8220; global_colors_info=&#8220;{}&#8220;][et_pb_row column_structure=&#8220;3_5,2_5&#8243; admin_label=&#8220;Row&#8220; _builder_version=&#8220;3.25&#8243; custom_margin=&#8220;30px|auto||auto||&#8220; custom_padding=&#8220;||98px|||&#8220; global_colors_info=&#8220;{}&#8220;][et_pb_column type=&#8220;3_5&#8243; _builder_version=&#8220;3.25&#8243; custom_padding=&#8220;|||&#8220; global_colors_info=&#8220;{}&#8220; custom_padding__hover=&#8220;|||&#8220;][et_pb_text _builder_version=&#8220;4.14.7&#8243; text_font=&#8220;||||||||&#8220; header_font=&#8220;||||||||&#8220; header_3_font=&#8220;Poppins|600|||||||&#8220; header_3_text_color=&#8220;#01632f&#8220; header_3_font_size=&#8220;36px&#8220; header_3_line_height=&#8220;1.4em&#8220; custom_margin=&#8220;||27px|||&#8220; global_colors_info=&#8220;{}&#8220;]<\/p>\n<h3>Unser Tagesablauf<\/h3>\n<p>[\/et_pb_text][et_pb_text _builder_version=&#8220;4.14.7&#8243; text_font=&#8220;Open Sans||||||||&#8220; text_text_color=&#8220;#486066&#8243; text_line_height=&#8220;1.8em&#8220; header_font=&#8220;||||||||&#8220; global_colors_info=&#8220;{}&#8220;]<\/p>\n<ul><\/ul>\n<p>So sieht unser Tagesablauf aus:<\/p>\n<ul><\/ul>\n<p>[\/et_pb_text][et_pb_accordion toggle_icon=&#8220;&#x24;||divi||400&#8243; icon_color=&#8220;#55ab26&#8243; _builder_version=&#8220;4.14.7&#8243; _module_preset=&#8220;default&#8220; toggle_text_color=&#8220;#55ab26&#8243; toggle_font=&#8220;|600|||||||&#8220; toggle_font_size=&#8220;18px&#8220; global_colors_info=&#8220;{}&#8220;][et_pb_accordion_item title=&#8220;07:30 Uhr &#8211; 08:00 Uhr: Fr\u00fchbetreuung&#8220; open=&#8220;on&#8220; _builder_version=&#8220;4.14.7&#8243; _module_preset=&#8220;default&#8220; global_colors_info=&#8220;{}&#8220;]<\/p>\n<p>Die ersten Kinder kommen an und haben die M\u00f6glichkeit, in kleiner Runde, die ersten Angebote zu nutzen oder frei zu spielen. Die Fr\u00fchbetreuung wird von Ulrike begleitet.<\/p>\n<p>[\/et_pb_accordion_item][et_pb_accordion_item title=&#8220;08:00 Uhr &#8211; 08:45 Uhr: Beginn der Kernzeit&#8220; _builder_version=&#8220;4.14.7&#8243; _module_preset=&#8220;default&#8220; global_colors_info=&#8220;{}&#8220; open=&#8220;off&#8220;]<\/p>\n<p>Nach und nach werden die anderen Kinder gebracht und schlie\u00dfen sich den Angeboten oder dem Freispiel an. Unser Waldwagen wird gepackt und es verbleibt Zeit f\u00fcr kurze T\u00fcr- und Angelgespr\u00e4che mit den Eltern. Die Kernzeit wird von Nadine, Ulrike und Marco begleitet.<\/p>\n<p>[\/et_pb_accordion_item][et_pb_accordion_item title=&#8220;08:45 Uhr &#8211; 09:10 Uhr: Morgenkreis&#8220; _builder_version=&#8220;4.14.7&#8243; _module_preset=&#8220;default&#8220; global_colors_info=&#8220;{}&#8220; open=&#8220;off&#8220;]<\/p>\n<p>Bis viertel vor neun sind sp\u00e4testens alle Kinder gebracht und die Eltern haben sich verabschiedet. Die Kinder l\u00e4uten den Morgenkreis ein. Wir beginnen unser t\u00e4gliches Ritual mit einem Lied, dem Z\u00e4hlen der Kinder, einem Spiel usw. Im Gro\u00dfen und Ganzen besprechen wir partizipatorisch den Tag und generell was die Kinder bewegt und interessiert. Zum Schluss suchen die Kinder einen unserer Waldpl\u00e4tze aus, zu dem wir uns anschlie\u00dfend auf den Weg machen.<\/p>\n<p>[\/et_pb_accordion_item][et_pb_accordion_item title=&#8220;10:00 Uhr &#8211; 10:30 Uhr: Fr\u00fchst\u00fcck&#8220; _builder_version=&#8220;4.14.7&#8243; _module_preset=&#8220;default&#8220; global_colors_info=&#8220;{}&#8220; open=&#8220;off&#8220;]<\/p>\n<p>Die Wanderung zu unserem Ziel ist immer spannend, es gibt sehr viel zu entdecken und alles l\u00e4dt zum Spielen ein. Wenn wir also gegen 10:00 Uhr unser Ziel erreichen, sind alle hungrig. Wir beginnen dann gemeinsam unser gesundes und abfallarmes Fr\u00fchst\u00fcck. Die Zeit wird gerne f\u00fcr anregende Gespr\u00e4che und Erz\u00e4hlen von Erlebnissen genutzt. Unser Fr\u00fchst\u00fcck ist zeitlich nicht auf die hier angegebenen 30 Minuten beschr\u00e4nkt, jedes Kind hat die Zeit, die es ben\u00f6tigt.<\/p>\n<p>[\/et_pb_accordion_item][et_pb_accordion_item title=&#8220;10:30 Uhr &#8211; 11:30 Uhr: Freispiel und\/ oder Aktionen&#8220; _builder_version=&#8220;4.14.7&#8243; _module_preset=&#8220;default&#8220; global_colors_info=&#8220;{}&#8220; open=&#8220;off&#8220;]<\/p>\n<p>Unser Tagesablauf ist nicht strikt durchgeplant. Nat\u00fcrlich gibt es eine gesunde Anzahl an Aktionen und Projekten die wir f\u00fcr die Kinder vorbereiten und auch bereit halten, Beobachten wir jedoch, dass sie voll und ganz in ihrem Spiel und generellem Tun aufgehen und konzentriert sind, lassen wir sie f\u00fcr sich lernen und entdecken. Wir Fachkr\u00e4fte sind stets greifbar und stehen als Begleiter zur Verf\u00fcgung.<\/p>\n<p>Stets in unserem Waldwagen dabei sind: Schaukel, Werkzeugkasten, B\u00fccher, Materialien- die sich die Kinder w\u00fcnschen (Schwungtuch, Bastelsachen etc.), aber auch mal die H\u00e4ngematte, Slackline, Wasser und T\u00f6pfe zum \u201cKochen\u201d, Material f\u00fcr Experimente etc.<\/p>\n<p>[\/et_pb_accordion_item][et_pb_accordion_item title=&#8220;11:30 Uhr &#8211; 12:00 Uhr: Freispiel Zeit f\u00fcr extra Abenteuer&#8220; _builder_version=&#8220;4.14.7&#8243; _module_preset=&#8220;default&#8220; global_colors_info=&#8220;{}&#8220; open=&#8220;off&#8220;]<\/p>\n<p>Nat\u00fcrlich ist unser ganzer Tag ein Abenteuer, jedoch haben wir viele unterschiedliche Kinder bei uns und so ergibt sich in diesem Zeitraum oft der Wunsch f\u00fcr herausfordernde Abenteuertouren. \u00dcber Stock und Stein, Wurzeln, Baumst\u00e4mme, hohes Gras und kleinen Fl\u00fcssen und B\u00e4chen, begleitet eine Fachkraft unsere Abenteurer.<\/p>\n<p>[\/et_pb_accordion_item][et_pb_accordion_item title=&#8220;12:00 Uhr &#8211; 12:15 Uhr: Abschlusskreis&#8220; _builder_version=&#8220;4.14.7&#8243; _module_preset=&#8220;default&#8220; global_colors_info=&#8220;{}&#8220; open=&#8220;off&#8220;]<\/p>\n<p>Um sich darauf vorzubereiten, den Wald demn\u00e4chst zu verlassen, rufen wir oder ein Kind die letzte Spielrunde aus. Wir versammeln uns danach in unserem Abschlusskreis und wer mag, darf ein Feedback zum Tag geben. Danach r\u00e4umen wir gemeinsam unseren Platz auf und machen uns auf den R\u00fcckweg.<\/p>\n<p>[\/et_pb_accordion_item][et_pb_accordion_item title=&#8220;12:15 Uhr &#8211; 12:30\/12:45 Uhr: Ankommen am Bauwagen&#8220; _builder_version=&#8220;4.14.7&#8243; _module_preset=&#8220;default&#8220; global_colors_info=&#8220;{}&#8220; open=&#8220;off&#8220;]<\/p>\n<p>Wir erreichen unseren Bauwagen und die ersten Kinder werden abgeholt. Es ist auch hier wieder Zeit f\u00fcr kurze T\u00fcr- und Angelgespr\u00e4che mit den Eltern.<\/p>\n<p>[\/et_pb_accordion_item][et_pb_accordion_item title=&#8220;13:00 Uhr: Ende der Kernzeit&#8220; _builder_version=&#8220;4.14.7&#8243; _module_preset=&#8220;default&#8220; global_colors_info=&#8220;{}&#8220; open=&#8220;off&#8220;]<\/p>\n<p>Alle Kinder, die nicht die Sp\u00e4tbetreuung besuchen, werden bis 13:00 Uhr abgeholt.<\/p>\n<p>[\/et_pb_accordion_item][et_pb_accordion_item title=&#8220;13:00 Uhr &#8211; 14:00 Uhr: Sp\u00e4tbetreuung&#8220; _builder_version=&#8220;4.14.7&#8243; _module_preset=&#8220;default&#8220; global_colors_info=&#8220;{}&#8220; open=&#8220;off&#8220;]<\/p>\n<p>Die Kinder der Sp\u00e4tbetreuung k\u00f6nnen nun ihr mitgebrachtes Mittagessen gemeinsam zu sich nehmen. Es bleibt dann noch Zeit f\u00fcr Freispiel, Geschichten lesen oder was den Kindern so einf\u00e4llt. Die Sp\u00e4tbetreuung wird von Marco begleitet.<\/p>\n<p>[\/et_pb_accordion_item][\/et_pb_accordion][\/et_pb_column][et_pb_column type=&#8220;2_5&#8243; _builder_version=&#8220;3.25&#8243; custom_padding=&#8220;|||&#8220; global_colors_info=&#8220;{}&#8220; custom_padding__hover=&#8220;|||&#8220;][et_pb_image src=&#8220;http:\/\/www.waldkindergarten-tarp.de\/wordpress\/wp-content\/uploads\/2022\/03\/wkgt_ev_logo-2-300&#215;237-1.png&#8220; title_text=&#8220;wkgt_ev_logo-2-300&#215;237&#8243; align=&#8220;center&#8220; align_tablet=&#8220;center&#8220; align_phone=&#8220;&#8220; align_last_edited=&#8220;on|desktop&#8220; _builder_version=&#8220;4.14.7&#8243; animation_style=&#8220;slide&#8220; animation_direction=&#8220;left&#8220; animation_intensity_slide=&#8220;8%&#8220; global_colors_info=&#8220;{}&#8220;][\/et_pb_image][\/et_pb_column][\/et_pb_row][\/et_pb_section][et_pb_section fb_built=&#8220;1&#8243; admin_label=&#8220;Join Now Call to Action&#8220; _builder_version=&#8220;4.14.7&#8243; background_color=&#8220;rgba(85,171,38,0.23)&#8220; background_color_gradient_start=&#8220;#25efcb&#8220; background_color_gradient_end=&#8220;#1bb3eb&#8220; background_color_gradient_direction=&#8220;221deg&#8220; width=&#8220;100%&#8220; max_width=&#8220;100%&#8220; custom_margin=&#8220;|||&#8220; custom_padding=&#8220;65px|0px|65px|0px|false|false&#8220; top_divider_style=&#8220;wave&#8220; top_divider_color=&#8220;#FFFFFF&#8220; global_colors_info=&#8220;{}&#8220;][et_pb_row column_structure=&#8220;1_4,1_4,1_4,1_4&#8243; _builder_version=&#8220;4.14.7&#8243; width=&#8220;100%&#8220; custom_margin=&#8220;55px||||false|false&#8220; custom_padding=&#8220;0px||||false|false&#8220; global_colors_info=&#8220;{}&#8220;][et_pb_column type=&#8220;1_4&#8243; _builder_version=&#8220;4.14.7&#8243; _module_preset=&#8220;default&#8220; global_colors_info=&#8220;{}&#8220;][et_pb_blurb title=&#8220; Standort&#8220; use_icon=&#8220;on&#8220; font_icon=&#8220;&#xe009;||divi||400&#8243; icon_color=&#8220;#01632f&#8220; image_icon_width=&#8220;50px&#8220; admin_label=&#8220;Class&#8220; _builder_version=&#8220;4.14.7&#8243; header_level=&#8220;h3&#8243; header_font=&#8220;Poppins|600|||||||&#8220; header_text_align=&#8220;center&#8220; header_text_color=&#8220;#01632f&#8220; header_font_size=&#8220;18px&#8220; header_line_height=&#8220;1.3em&#8220; body_font=&#8220;Open Sans||||||||&#8220; body_text_align=&#8220;center&#8220; body_text_color=&#8220;#486066&#8243; body_line_height=&#8220;1.8em&#8220; background_color=&#8220;#FFFFFF&#8220; custom_margin=&#8220;0px||||false|false&#8220; custom_padding=&#8220;25px|30px|25px|30px|false|false&#8220; animation_style=&#8220;fade&#8220; animation_delay=&#8220;100ms&#8220; animation=&#8220;off&#8220; border_radii=&#8220;on|6px|6px|6px|6px&#8220; box_shadow_style=&#8220;preset1&#8243; box_shadow_vertical=&#8220;10px&#8220; box_shadow_blur=&#8220;24px&#8220; box_shadow_spread=&#8220;6px&#8220; box_shadow_color=&#8220;rgba(0,0,0,0.06)&#8220; global_colors_info=&#8220;{}&#8220;]<\/p>\n<p>Waldkindergarten Tarp e.V.<br \/>Harkielweg 4<br \/>24963 Tarp<\/p>\n<p>[\/et_pb_blurb][\/et_pb_column][et_pb_column type=&#8220;1_4&#8243; _builder_version=&#8220;3.25&#8243; custom_padding=&#8220;|||&#8220; global_colors_info=&#8220;{}&#8220; custom_padding__hover=&#8220;|||&#8220;][et_pb_blurb title=&#8220;Postanschrift&#8220; use_icon=&#8220;on&#8220; font_icon=&#8220;&#xe009;||divi||400&#8243; icon_color=&#8220;#96bf0d&#8220; image_icon_width=&#8220;50px&#8220; admin_label=&#8220;Class&#8220; _builder_version=&#8220;4.14.7&#8243; header_level=&#8220;h3&#8243; header_font=&#8220;Poppins|600|||||||&#8220; header_text_align=&#8220;center&#8220; header_text_color=&#8220;#96bf0d&#8220; header_font_size=&#8220;18px&#8220; header_line_height=&#8220;1.3em&#8220; body_font=&#8220;Open Sans||||||||&#8220; body_text_align=&#8220;center&#8220; body_text_color=&#8220;#486066&#8243; body_line_height=&#8220;1.8em&#8220; background_color=&#8220;#FFFFFF&#8220; custom_margin=&#8220;0px||||false|false&#8220; custom_padding=&#8220;25px|30px|25px|30px|false|false&#8220; animation_style=&#8220;fade&#8220; animation_delay=&#8220;100ms&#8220; animation=&#8220;off&#8220; border_radii=&#8220;on|6px|6px|6px|6px&#8220; box_shadow_style=&#8220;preset1&#8243; box_shadow_vertical=&#8220;10px&#8220; box_shadow_blur=&#8220;24px&#8220; box_shadow_spread=&#8220;6px&#8220; box_shadow_color=&#8220;rgba(0,0,0,0.06)&#8220; global_colors_info=&#8220;{}&#8220;]<\/p>\n<p>Waldkindergarten Tarp e.V.<br \/>Nadine Sandeck<br \/>Dweracker 9<br \/>24885 Sieverstedt<\/p>\n<p>[\/et_pb_blurb][\/et_pb_column][et_pb_column type=&#8220;1_4&#8243; _builder_version=&#8220;3.25&#8243; custom_padding=&#8220;|||&#8220; global_colors_info=&#8220;{}&#8220; custom_padding__hover=&#8220;|||&#8220;][et_pb_blurb title=&#8220;Telefon&#8220; use_icon=&#8220;on&#8220; font_icon=&#8220;&#xf87b;||fa||900&#8243; icon_color=&#8220;#e3166f&#8220; image_icon_width=&#8220;50px&#8220; admin_label=&#8220;Class&#8220; _builder_version=&#8220;4.14.7&#8243; header_level=&#8220;h3&#8243; header_font=&#8220;Poppins|600|||||||&#8220; header_text_align=&#8220;center&#8220; header_text_color=&#8220;#e3166f&#8220; header_font_size=&#8220;18px&#8220; header_line_height=&#8220;1.3em&#8220; body_font=&#8220;Open Sans||||||||&#8220; body_text_align=&#8220;center&#8220; body_text_color=&#8220;#486066&#8243; body_line_height=&#8220;1.8em&#8220; background_color=&#8220;#ffffff&#8220; custom_margin=&#8220;0px||||false|false&#8220; custom_padding=&#8220;25px|30px|25px|30px|false|false&#8220; animation_style=&#8220;fade&#8220; animation_delay=&#8220;100ms&#8220; animation=&#8220;off&#8220; hover_enabled=&#8220;0&#8243; border_radii=&#8220;on|6px|6px|6px|6px&#8220; box_shadow_style=&#8220;preset1&#8243; box_shadow_vertical=&#8220;10px&#8220; box_shadow_blur=&#8220;24px&#8220; box_shadow_spread=&#8220;6px&#8220; box_shadow_color=&#8220;rgba(0,0,0,0.06)&#8220; global_colors_info=&#8220;{}&#8220; sticky_enabled=&#8220;0&#8243;]<\/p>\n<p>Vorstand und<br \/>P\u00e4d. Leitung:<br \/>0155 \u2013 66894460<\/p>\n<p>[\/et_pb_blurb][\/et_pb_column][et_pb_column type=&#8220;1_4&#8243; _builder_version=&#8220;3.25&#8243; custom_padding=&#8220;|||&#8220; global_colors_info=&#8220;{}&#8220; custom_padding__hover=&#8220;|||&#8220;][et_pb_blurb title=&#8220;Email&#8220; use_icon=&#8220;on&#8220; font_icon=&#8220;&#xe010;||divi||400&#8243; icon_color=&#8220;#f29400&#8243; image_icon_width=&#8220;50px&#8220; admin_label=&#8220;Class&#8220; _builder_version=&#8220;4.14.7&#8243; header_level=&#8220;h3&#8243; header_font=&#8220;Poppins|600|||||||&#8220; header_text_align=&#8220;center&#8220; header_text_color=&#8220;#f29400&#8243; header_font_size=&#8220;18px&#8220; header_line_height=&#8220;1.3em&#8220; body_font=&#8220;Open Sans||||||||&#8220; body_text_align=&#8220;center&#8220; body_text_color=&#8220;#486066&#8243; body_line_height=&#8220;1.8em&#8220; background_color=&#8220;#ffffff&#8220; custom_margin=&#8220;0px||||false|false&#8220; custom_padding=&#8220;25px|30px|25px|30px|false|false&#8220; animation_style=&#8220;fade&#8220; animation_delay=&#8220;100ms&#8220; animation=&#8220;off&#8220; border_radii=&#8220;on|6px|6px|6px|6px&#8220; box_shadow_style=&#8220;preset1&#8243; box_shadow_vertical=&#8220;10px&#8220; box_shadow_blur=&#8220;24px&#8220; box_shadow_spread=&#8220;6px&#8220; box_shadow_color=&#8220;rgba(0,0,0,0.06)&#8220; global_colors_info=&#8220;{}&#8220;]<\/p>\n<p>vorstand(at)<br \/>waldkindergarten-tarp.de<\/p>\n<p>[\/et_pb_blurb][\/et_pb_column][\/et_pb_row][\/et_pb_section]<\/p>\n","protected":false},"excerpt":{"rendered":"<p>Waldkindergarten Tarp e.V.Unser Tagesablauf So sieht unser Tagesablauf aus: Die ersten Kinder kommen an und haben die M\u00f6glichkeit, in kleiner Runde, die ersten Angebote zu nutzen oder frei zu spielen. Die Fr\u00fchbetreuung wird von Ulrike begleitet.Nach und nach werden die anderen Kinder gebracht und schlie\u00dfen sich den Angeboten oder dem Freispiel an. Unser Waldwagen wird [&hellip;]<\/p>\n","protected":false},"author":2,"featured_media":0,"parent":0,"menu_order":0,"comment_status":"closed","ping_status":"closed","template":"","meta":{"_et_pb_use_builder":"on","_et_pb_old_content":"<p>\u00a0<\/p>\r\n<!-- wp:columns -->\r\n<div class=\"wp-block-columns\"><!-- wp:column {\"width\":\"100%\"} -->\r\n<div class=\"wp-block-column\" style=\"flex-basis: 100%;\"><!-- wp:group -->\r\n<div class=\"wp-block-group\"><!-- wp:columns -->\r\n<div class=\"wp-block-columns\"><!-- wp:column {\"width\":\"100%\"} -->\r\n<div class=\"wp-block-column\" style=\"flex-basis: 100%;\"><!-- wp:table {\"className\":\"is-style-stripes\"} -->\r\n<figure class=\"wp-block-table is-style-stripes\">\r\n<table style=\"height: 1189px;\" width=\"1084\">\r\n<tbody>\r\n<tr>\r\n<td>\r\n<p style=\"padding-left: 40px;\"><strong> 07:30 Uhr - 08:00 Uhr: Fr\u00fchbetreuung<br \/><\/strong> Die ersten Kinder kommen an und haben die M\u00f6glichkeit, in kleiner Runde, die ersten Angebote zu nutzen oder frei zu spielen. Die Fr\u00fchbetreuung wird von Ulrike begleitet.<\/p>\r\n<\/td>\r\n<\/tr>\r\n<tr>\r\n<td>\r\n<p style=\"padding-left: 40px;\"><strong> 08:00 Uhr - 08:45 Uhr: Beginn der Kernzeit<br \/><\/strong>Nach und nach werden die anderen Kinder gebracht und schlie\u00dfen sich den Angeboten oder dem Freispiel an. Unser Waldwagen wird gepackt und es verbleibt Zeit f\u00fcr kurze T\u00fcr- und Angelgespr\u00e4che mit den Eltern. Die Kernzeit wird von Nadine, Ulrike und Marco begleitet.<\/p>\r\n<\/td>\r\n<\/tr>\r\n<tr>\r\n<td>\r\n<p style=\"padding-left: 40px;\"><strong>08:45 Uhr - 09:10 Uhr: Morgenkreis<br \/><\/strong>Bis viertel vor neun sind sp\u00e4testens alle Kinder gebracht und die Eltern haben sich verabschiedet. Die Kinder l\u00e4uten den Morgenkreis ein. Wir beginnen unser t\u00e4gliches Ritual mit einem Lied, dem Z\u00e4hlen der Kinder, einem Spiel usw. Im Gro\u00dfen und Ganzen besprechen wir partizipatorisch den Tag und generell was die Kinder bewegt und interessiert. Zum Schluss suchen die Kinder einen unserer Waldpl\u00e4tze aus, zu dem wir uns anschlie\u00dfend auf den Weg machen.<\/p>\r\n<\/td>\r\n<\/tr>\r\n<tr>\r\n<td>\r\n<p style=\"padding-left: 40px;\"><strong> 10:00 Uhr - 10:30 Uhr: Fr\u00fchst\u00fcck<br \/><\/strong>Die Wanderung zu unserem Ziel ist immer spannend, es gibt sehr viel zu entdecken und alles l\u00e4dt zum Spielen ein. Wenn wir also gegen 10:00 Uhr unser Ziel erreichen, sind alle hungrig. Wir beginnen dann gemeinsam unser gesundes und abfallarmes Fr\u00fchst\u00fcck. Die Zeit wird gerne f\u00fcr anregende Gespr\u00e4che und Erz\u00e4hlen von Erlebnissen genutzt. Unser Fr\u00fchst\u00fcck ist zeitlich nicht auf die hier angegebenen 30 Minuten beschr\u00e4nkt, jedes Kind hat die Zeit, die es ben\u00f6tigt.<\/p>\r\n<\/td>\r\n<\/tr>\r\n<tr>\r\n<td>\r\n<p style=\"padding-left: 40px;\"><strong> 10:30 Uhr - 11:30 Uhr: Freispiel und\/ oder Aktionen<br \/><\/strong>Unser Tagesablauf ist nicht strikt durchgeplant. Nat\u00fcrlich gibt es eine gesunde Anzahl an Aktionen und Projekten die wir f\u00fcr die Kinder vorbereiten und auch bereit halten, Beobachten wir jedoch, dass sie voll und ganz in ihrem Spiel und generellem Tun aufgehen und konzentriert sind, lassen wir sie f\u00fcr sich lernen und entdecken. Wir Fachkr\u00e4fte sind stets greifbar und stehen als Begleiter zur Verf\u00fcgung.<\/p>\r\n<p style=\"padding-left: 40px;\"><span style=\"font-family: inherit; font-size: inherit;\">Stets in unserem Waldwagen dabei sind: Schaukel, Werkzeugkasten, B\u00fccher, Materialien- die sich die Kinder w\u00fcnschen (Schwungtuch, Bastelsachen etc.), aber auch mal die H\u00e4ngematte, Slackline, Wasser und T\u00f6pfe zum \u201cKochen\u201d, Material f\u00fcr Experimente etc.<\/span><\/p>\r\n<\/td>\r\n<\/tr>\r\n<tr>\r\n<td>\r\n<p style=\"padding-left: 40px;\"><strong> 11:30 Uhr - 12:00 Uhr: Freispiel Zeit f\u00fcr extra Abenteuer<br \/><\/strong>Nat\u00fcrlich ist unser ganzer Tag ein Abenteuer, jedoch haben wir viele unterschiedliche Kinder bei uns und so ergibt sich in diesem Zeitraum oft der Wunsch f\u00fcr herausfordernde Abenteuertouren. \u00dcber Stock und Stein, Wurzeln, Baumst\u00e4mme, hohes Gras und kleinen Fl\u00fcssen und B\u00e4chen, begleitet eine Fachkraft unsere Abenteurer.<\/p>\r\n<\/td>\r\n<\/tr>\r\n<tr>\r\n<td>\r\n<p style=\"padding-left: 40px;\"><strong>12:00 Uhr - 12:15 Uhr: Abschlusskreis<br \/><\/strong>Um sich darauf vorzubereiten, den Wald demn\u00e4chst zu verlassen, rufen wir oder ein Kind die letzte Spielrunde aus. Wir versammeln uns danach in unserem Abschlusskreis und wer mag, darf ein Feedback zum Tag geben. Danach r\u00e4umen wir gemeinsam unseren Platz auf und machen uns auf den R\u00fcckweg.<\/p>\r\n<\/td>\r\n<\/tr>\r\n<tr>\r\n<td>\r\n<p style=\"padding-left: 40px;\"><strong>12:15 Uhr - 12:30\/12:45 Uhr: Ankommen am Bauwagen<br \/><\/strong>Wir erreichen unseren Bauwagen und die ersten Kinder werden abgeholt. Es ist auch hier wieder Zeit f\u00fcr kurze T\u00fcr- und Angelgespr\u00e4che mit den Eltern.<\/p>\r\n<\/td>\r\n<\/tr>\r\n<tr>\r\n<td>\r\n<p style=\"padding-left: 40px;\"><strong>13:00 Uhr: Ende der Kernzeit<br \/><\/strong>Alle Kinder, die nicht die Sp\u00e4tbetreuung besuchen, werden bis 13:00 Uhr abgeholt.<\/p>\r\n<\/td>\r\n<\/tr>\r\n<tr>\r\n<td>\r\n<p style=\"padding-left: 40px;\"><strong>13:00 Uhr - 14:00 Uhr: Sp\u00e4tbetreuung<br \/><\/strong>Die Kinder der Sp\u00e4tbetreuung k\u00f6nnen nun ihr mitgebrachtes Mittagessen gemeinsam zu sich nehmen. Es bleibt dann noch Zeit f\u00fcr Freispiel, Geschichten lesen oder was den Kindern so einf\u00e4llt. Die Sp\u00e4tbetreuung wird von Marco begleitet.<\/p>\r\n<\/td>\r\n<\/tr>\r\n<\/tbody>\r\n<\/table>\r\n<\/figure>\r\n<!-- \/wp:table --><\/div>\r\n<!-- \/wp:column --><\/div>\r\n<!-- \/wp:columns --><\/div>\r\n<!-- \/wp:group --><\/div>\r\n<!-- \/wp:column --><\/div>\r\n<!-- \/wp:columns -->\r\n\r\n<!-- wp:paragraph -->\r\n<p>\u00a0<\/p>","_et_gb_content_width":"","pgc_sgb_lightbox_settings":"","jetpack_post_was_ever_published":false},"jetpack_sharing_enabled":true,"jetpack_shortlink":"https:\/\/wp.me\/P8J3oV-4m0","_links":{"self":[{"href":"https:\/\/www.waldkindergarten-tarp.de\/wordpress\/wp-json\/wp\/v2\/pages\/16740"}],"collection":[{"href":"https:\/\/www.waldkindergarten-tarp.de\/wordpress\/wp-json\/wp\/v2\/pages"}],"about":[{"href":"https:\/\/www.waldkindergarten-tarp.de\/wordpress\/wp-json\/wp\/v2\/types\/page"}],"author":[{"embeddable":true,"href":"https:\/\/www.waldkindergarten-tarp.de\/wordpress\/wp-json\/wp\/v2\/users\/2"}],"replies":[{"embeddable":true,"href":"https:\/\/www.waldkindergarten-tarp.de\/wordpress\/wp-json\/wp\/v2\/comments?post=16740"}],"version-history":[{"count":39,"href":"https:\/\/www.waldkindergarten-tarp.de\/wordpress\/wp-json\/wp\/v2\/pages\/16740\/revisions"}],"predecessor-version":[{"id":17652,"href":"https:\/\/www.waldkindergarten-tarp.de\/wordpress\/wp-json\/wp\/v2\/pages\/16740\/revisions\/17652"}],"wp:attachment":[{"href":"https:\/\/www.waldkindergarten-tarp.de\/wordpress\/wp-json\/wp\/v2\/media?parent=16740"}],"curies":[{"name":"wp","href":"https:\/\/api.w.org\/{rel}","templated":true}]}}