{"id":558,"date":"2017-05-02T19:11:48","date_gmt":"2017-05-02T17:11:48","guid":{"rendered":"http:\/\/www.waldkindergarten-tarp.de\/wordpress\/?page_id=558"},"modified":"2025-02-12T22:41:08","modified_gmt":"2025-02-12T21:41:08","slug":"dokumente","status":"publish","type":"page","link":"https:\/\/www.waldkindergarten-tarp.de\/wordpress\/dokumente\/","title":{"rendered":"Dokumente"},"content":{"rendered":"[et_pb_section fb_built=&#8220;1&#8243; admin_label=&#8220;Hero Section&#8220; _builder_version=&#8220;4.14.7&#8243; background_enable_color=&#8220;off&#8220; background_color_gradient_start=&#8220;#1bb3eb&#8220; background_color_gradient_end=&#8220;#25efcb&#8220; background_color_gradient_direction=&#8220;72deg&#8220; background_image=&#8220;http:\/\/www.waldkindergarten-tarp.de\/wordpress\/wp-content\/uploads\/2017\/02\/IMG_0612.jpg&#8220; custom_padding=&#8220;110px|0px|224px|0px||&#8220; bottom_divider_color=&#8220;#96bf0d&#8220; global_colors_info=&#8220;{}&#8220;][et_pb_row column_structure=&#8220;3_4,1_4&#8243; _builder_version=&#8220;4.14.7&#8243; custom_margin=&#8220;4px|148px||auto||&#8220; global_colors_info=&#8220;{}&#8220;][et_pb_column type=&#8220;3_4&#8243; _builder_version=&#8220;3.25&#8243; custom_padding=&#8220;60px|||&#8220; global_colors_info=&#8220;{}&#8220; custom_padding__hover=&#8220;|||&#8220;][et_pb_text _builder_version=&#8220;4.14.7&#8243; text_font=&#8220;||||||||&#8220; header_font=&#8220;Poppins||||||||&#8220; header_text_color=&#8220;#ffffff&#8220; header_font_size=&#8220;56px&#8220; header_line_height=&#8220;1.3em&#8220; background_color=&#8220;rgba(142,142,142,0.59)&#8220; custom_padding=&#8220;|||9px|false|false&#8220; animation_style=&#8220;fade&#8220; global_colors_info=&#8220;{}&#8220;]<h1 style=\"text-align: left;\">Waldkindergarten Tarp e.V.<\/h1>[\/et_pb_text][\/et_pb_column][et_pb_column type=&#8220;1_4&#8243; _builder_version=&#8220;3.25&#8243; custom_padding=&#8220;60px|||&#8220; global_colors_info=&#8220;{}&#8220; custom_padding__hover=&#8220;|||&#8220;][\/et_pb_column][\/et_pb_row][\/et_pb_section][et_pb_section fb_built=&#8220;1&#8243; admin_label=&#8220;About Us Section&#8220; _builder_version=&#8220;4.14.7&#8243; custom_margin=&#8220;-155px||-78px|||&#8220; custom_padding=&#8220;80px|0px|30px|0px||&#8220; top_divider_color=&#8220;#96bf0d&#8220; global_colors_info=&#8220;{}&#8220;][et_pb_row column_structure=&#8220;3_5,2_5&#8243; admin_label=&#8220;Row&#8220; _builder_version=&#8220;3.25&#8243; custom_margin=&#8220;30px|auto||auto||&#8220; custom_padding=&#8220;||80px|||&#8220; global_colors_info=&#8220;{}&#8220;][et_pb_column type=&#8220;3_5&#8243; _builder_version=&#8220;3.25&#8243; custom_padding=&#8220;|||&#8220; global_colors_info=&#8220;{}&#8220; custom_padding__hover=&#8220;|||&#8220;][et_pb_text _builder_version=&#8220;4.14.7&#8243; text_font=&#8220;||||||||&#8220; header_font=&#8220;||||||||&#8220; header_3_font=&#8220;Poppins|600|||||||&#8220; header_3_text_color=&#8220;#01632f&#8220; header_3_font_size=&#8220;36px&#8220; header_3_line_height=&#8220;1.4em&#8220; custom_margin=&#8220;||27px|||&#8220; global_colors_info=&#8220;{}&#8220;]<h3>Wichtige Dokumente<\/h3>[\/et_pb_text][et_pb_text _builder_version=&#8220;4.14.7&#8243; text_font=&#8220;Open Sans||||||||&#8220; text_text_color=&#8220;#486066&#8243; text_line_height=&#8220;1.8em&#8220; header_font=&#8220;||||||||&#8220; global_colors_info=&#8220;{}&#8220;]<ul><\/ul>\n<p>Hier finden Sie alle wichtigen Dokumente des Waldkindergarten e.V zum Herunterladen:<\/p>\n<ul><\/ul>[\/et_pb_text][et_pb_text _builder_version=&#8220;4.14.7&#8243; text_font=&#8220;Open Sans||||||||&#8220; text_text_color=&#8220;#486066&#8243; text_line_height=&#8220;1.8em&#8220; header_font=&#8220;||||||||&#8220; global_colors_info=&#8220;{}&#8220;]<p>&nbsp;<\/p>\n<p><a href=\"http:\/\/www.waldkindergarten-tarp.de\/wordpress\/wp-content\/uploads\/2021\/08\/ANTRAG-zur-Aufnahme-des-Kindes.pdf\" target=\"_blank\" rel=\"noopener\">ANTRAG zur Aufnahme des Kindes<\/a><\/p>\n<p><a href=\"http:\/\/www.waldkindergarten-tarp.de\/wordpress\/wp-content\/uploads\/2021\/08\/ANTRAG-verlaengerte-Betreuung.pdf\" target=\"_blank\" rel=\"noopener\">ANTRAG verl\u00e4ngerte Betreuung<\/a><\/p>\n<p><a href=\"http:\/\/www.waldkindergarten-tarp.de\/wordpress\/wp-content\/uploads\/2021\/08\/Beitrittserklaerung-Eltern.pdf\" target=\"_blank\" rel=\"noopener\">Beitrittserkl\u00e4rung Eltern<\/a><\/p>\n<p><a href=\"http:\/\/www.waldkindergarten-tarp.de\/wordpress\/wp-content\/uploads\/2019\/08\/Notfallplan-2019-00130-1.pdf\" target=\"_blank\" rel=\"noopener\">Einverst\u00e4ndniserkl\u00e4rungen und Informationen f\u00fcr Notf\u00e4lle<\/a><\/p>\n<p><a href=\"http:\/\/www.waldkindergarten-tarp.de\/wordpress\/wp-content\/uploads\/2022\/08\/Konzept-Waldkindergarten-10_2021.pdf\" target=\"_blank\" rel=\"noopener\">Konzept Waldkindergarten<\/a><\/p>\n<p>Neu:<\/p>\n<p><a href=\"http:\/\/www.waldkindergarten-tarp.de\/wordpress\/wp-content\/uploads\/2023\/01\/Hausregeln-Kranke-Kinder.png\" target=\"_blank\" rel=\"noopener\">Hausregeln Kranke Kinder<\/a><\/p>\n<p><a href=\"http:\/\/www.waldkindergarten-tarp.de\/wordpress\/wp-content\/uploads\/2023\/01\/Belehrungsbogen-Eltern.pdf\" target=\"_blank\" rel=\"noopener\">Belehrungsbogen Eltern<\/a><\/p>\n<p><a href=\"http:\/\/www.waldkindergarten-tarp.de\/wordpress\/wp-content\/uploads\/2023\/01\/Elterninformationen-zum-Masernschutzgesetz.pdf\" target=\"_blank\" rel=\"noopener\">Elterninformationen zum Masernschutzgesetz<\/a><\/p>\n<p>&nbsp;<\/p>\n<p><\/p>\n<p><\/p>[\/et_pb_text][\/et_pb_column][et_pb_column type=&#8220;2_5&#8243; _builder_version=&#8220;3.25&#8243; custom_padding=&#8220;|||&#8220; global_colors_info=&#8220;{}&#8220; custom_padding__hover=&#8220;|||&#8220;][et_pb_image src=&#8220;http:\/\/www.waldkindergarten-tarp.de\/wordpress\/wp-content\/uploads\/2022\/03\/wkgt_ev_logo-2-300&#215;237-1.png&#8220; title_text=&#8220;wkgt_ev_logo-2-300&#215;237&#8243; align=&#8220;center&#8220; align_tablet=&#8220;center&#8220; align_phone=&#8220;&#8220; align_last_edited=&#8220;on|desktop&#8220; _builder_version=&#8220;4.14.7&#8243; animation_style=&#8220;slide&#8220; animation_direction=&#8220;left&#8220; animation_intensity_slide=&#8220;8%&#8220; global_colors_info=&#8220;{}&#8220;][\/et_pb_image][\/et_pb_column][\/et_pb_row][\/et_pb_section][et_pb_section fb_built=&#8220;1&#8243; admin_label=&#8220;Join Now Call to Action&#8220; _builder_version=&#8220;4.14.7&#8243; background_color=&#8220;rgba(85,171,38,0.23)&#8220; background_color_gradient_start=&#8220;#25efcb&#8220; background_color_gradient_end=&#8220;#1bb3eb&#8220; background_color_gradient_direction=&#8220;221deg&#8220; width=&#8220;100%&#8220; max_width=&#8220;100%&#8220; custom_margin=&#8220;|||&#8220; custom_padding=&#8220;65px|0px|65px|0px|false|false&#8220; top_divider_style=&#8220;wave&#8220; top_divider_color=&#8220;#FFFFFF&#8220; global_colors_info=&#8220;{}&#8220;][et_pb_row column_structure=&#8220;1_4,1_4,1_4,1_4&#8243; _builder_version=&#8220;4.14.7&#8243; width=&#8220;100%&#8220; custom_margin=&#8220;55px||||false|false&#8220; custom_padding=&#8220;0px||||false|false&#8220; global_colors_info=&#8220;{}&#8220;][et_pb_column type=&#8220;1_4&#8243; _builder_version=&#8220;4.14.7&#8243; _module_preset=&#8220;default&#8220; global_colors_info=&#8220;{}&#8220;][et_pb_blurb title=&#8220; Standort&#8220; use_icon=&#8220;on&#8220; font_icon=&#8220;&#xe009;||divi||400&#8243; icon_color=&#8220;#01632f&#8220; image_icon_width=&#8220;50px&#8220; admin_label=&#8220;Class&#8220; _builder_version=&#8220;4.14.7&#8243; header_level=&#8220;h3&#8243; header_font=&#8220;Poppins|600|||||||&#8220; header_text_align=&#8220;center&#8220; header_text_color=&#8220;#01632f&#8220; header_font_size=&#8220;18px&#8220; header_line_height=&#8220;1.3em&#8220; body_font=&#8220;Open Sans||||||||&#8220; body_text_align=&#8220;center&#8220; body_text_color=&#8220;#486066&#8243; body_line_height=&#8220;1.8em&#8220; background_color=&#8220;#FFFFFF&#8220; custom_margin=&#8220;0px||||false|false&#8220; custom_padding=&#8220;25px|30px|25px|30px|false|false&#8220; animation_style=&#8220;fade&#8220; animation_delay=&#8220;100ms&#8220; animation=&#8220;off&#8220; border_radii=&#8220;on|6px|6px|6px|6px&#8220; box_shadow_style=&#8220;preset1&#8243; box_shadow_vertical=&#8220;10px&#8220; box_shadow_blur=&#8220;24px&#8220; box_shadow_spread=&#8220;6px&#8220; box_shadow_color=&#8220;rgba(0,0,0,0.06)&#8220; global_colors_info=&#8220;{}&#8220;]<p>Waldkindergarten Tarp e.V.<br \/>Harkielweg 4<br \/>24963 Tarp<\/p>[\/et_pb_blurb][\/et_pb_column][et_pb_column type=&#8220;1_4&#8243; _builder_version=&#8220;3.25&#8243; custom_padding=&#8220;|||&#8220; global_colors_info=&#8220;{}&#8220; custom_padding__hover=&#8220;|||&#8220;][et_pb_blurb title=&#8220;Postanschrift&#8220; use_icon=&#8220;on&#8220; font_icon=&#8220;&#xe009;||divi||400&#8243; icon_color=&#8220;#96bf0d&#8220; image_icon_width=&#8220;50px&#8220; admin_label=&#8220;Class&#8220; _builder_version=&#8220;4.14.7&#8243; header_level=&#8220;h3&#8243; header_font=&#8220;Poppins|600|||||||&#8220; header_text_align=&#8220;center&#8220; header_text_color=&#8220;#96bf0d&#8220; header_font_size=&#8220;18px&#8220; header_line_height=&#8220;1.3em&#8220; body_font=&#8220;Open Sans||||||||&#8220; body_text_align=&#8220;center&#8220; body_text_color=&#8220;#486066&#8243; body_line_height=&#8220;1.8em&#8220; background_color=&#8220;#FFFFFF&#8220; custom_margin=&#8220;0px||||false|false&#8220; custom_padding=&#8220;25px|30px|25px|30px|false|false&#8220; animation_style=&#8220;fade&#8220; animation_delay=&#8220;100ms&#8220; animation=&#8220;off&#8220; border_radii=&#8220;on|6px|6px|6px|6px&#8220; box_shadow_style=&#8220;preset1&#8243; box_shadow_vertical=&#8220;10px&#8220; box_shadow_blur=&#8220;24px&#8220; box_shadow_spread=&#8220;6px&#8220; box_shadow_color=&#8220;rgba(0,0,0,0.06)&#8220; global_colors_info=&#8220;{}&#8220;]<p>Waldkindergarten Tarp e.V.<br \/>Nadine Sandeck<br \/>Dweracker 9<br \/>24885 Sieverstedt<\/p>[\/et_pb_blurb][\/et_pb_column][et_pb_column type=&#8220;1_4&#8243; _builder_version=&#8220;3.25&#8243; custom_padding=&#8220;|||&#8220; global_colors_info=&#8220;{}&#8220; custom_padding__hover=&#8220;|||&#8220;][et_pb_blurb title=&#8220;Telefon&#8220; use_icon=&#8220;on&#8220; font_icon=&#8220;&#xf87b;||fa||900&#8243; icon_color=&#8220;#e3166f&#8220; image_icon_width=&#8220;50px&#8220; admin_label=&#8220;Class&#8220; _builder_version=&#8220;4.14.7&#8243; header_level=&#8220;h3&#8243; header_font=&#8220;Poppins|600|||||||&#8220; header_text_align=&#8220;center&#8220; header_text_color=&#8220;#e3166f&#8220; header_font_size=&#8220;18px&#8220; header_line_height=&#8220;1.3em&#8220; body_font=&#8220;Open Sans||||||||&#8220; body_text_align=&#8220;center&#8220; body_text_color=&#8220;#486066&#8243; body_line_height=&#8220;1.8em&#8220; background_color=&#8220;#ffffff&#8220; custom_margin=&#8220;0px||||false|false&#8220; custom_padding=&#8220;25px|30px|25px|30px|false|false&#8220; animation_style=&#8220;fade&#8220; animation_delay=&#8220;100ms&#8220; animation=&#8220;off&#8220; hover_enabled=&#8220;0&#8243; border_radii=&#8220;on|6px|6px|6px|6px&#8220; box_shadow_style=&#8220;preset1&#8243; box_shadow_vertical=&#8220;10px&#8220; box_shadow_blur=&#8220;24px&#8220; box_shadow_spread=&#8220;6px&#8220; box_shadow_color=&#8220;rgba(0,0,0,0.06)&#8220; global_colors_info=&#8220;{}&#8220; sticky_enabled=&#8220;0&#8243;]<p>Vorstand und<br \/>P\u00e4d. Leitung:<br \/>0155 \u2013 66894460<\/p>[\/et_pb_blurb][\/et_pb_column][et_pb_column type=&#8220;1_4&#8243; _builder_version=&#8220;3.25&#8243; custom_padding=&#8220;|||&#8220; global_colors_info=&#8220;{}&#8220; custom_padding__hover=&#8220;|||&#8220;][et_pb_blurb title=&#8220;Email&#8220; use_icon=&#8220;on&#8220; font_icon=&#8220;&#xe010;||divi||400&#8243; icon_color=&#8220;#f29400&#8243; image_icon_width=&#8220;50px&#8220; admin_label=&#8220;Class&#8220; _builder_version=&#8220;4.14.7&#8243; header_level=&#8220;h3&#8243; header_font=&#8220;Poppins|600|||||||&#8220; header_text_align=&#8220;center&#8220; header_text_color=&#8220;#f29400&#8243; header_font_size=&#8220;18px&#8220; header_line_height=&#8220;1.3em&#8220; body_font=&#8220;Open Sans||||||||&#8220; body_text_align=&#8220;center&#8220; body_text_color=&#8220;#486066&#8243; body_line_height=&#8220;1.8em&#8220; background_color=&#8220;#ffffff&#8220; custom_margin=&#8220;0px||||false|false&#8220; custom_padding=&#8220;25px|30px|25px|30px|false|false&#8220; animation_style=&#8220;fade&#8220; animation_delay=&#8220;100ms&#8220; animation=&#8220;off&#8220; border_radii=&#8220;on|6px|6px|6px|6px&#8220; box_shadow_style=&#8220;preset1&#8243; box_shadow_vertical=&#8220;10px&#8220; box_shadow_blur=&#8220;24px&#8220; box_shadow_spread=&#8220;6px&#8220; box_shadow_color=&#8220;rgba(0,0,0,0.06)&#8220; global_colors_info=&#8220;{}&#8220;]<p>vorstand(at)<br \/>waldkindergarten-tarp.de<\/p>[\/et_pb_blurb][\/et_pb_column][\/et_pb_row][\/et_pb_section]","protected":false},"excerpt":{"rendered":"<p>Waldkindergarten Tarp e.V.Wichtige Dokumente Hier finden Sie alle wichtigen Dokumente des Waldkindergarten e.V zum Herunterladen: &nbsp; ANTRAG zur Aufnahme des Kindes ANTRAG verl\u00e4ngerte Betreuung Beitrittserkl\u00e4rung Eltern Einverst\u00e4ndniserkl\u00e4rungen und Informationen f\u00fcr Notf\u00e4lle Konzept Waldkindergarten Neu: Hausregeln Kranke Kinder Belehrungsbogen Eltern Elterninformationen zum Masernschutzgesetz &nbsp; Waldkindergarten Tarp e.V.Harkielweg 424963 TarpWaldkindergarten Tarp e.V.Nadine SandeckDweracker 924885 SieverstedtVorstand undP\u00e4d. Leitung:0155 [&hellip;]<\/p>\n","protected":false},"author":1,"featured_media":0,"parent":0,"menu_order":0,"comment_status":"closed","ping_status":"closed","template":"","meta":{"_et_pb_use_builder":"on","_et_pb_old_content":"<p><a href=\"http:\/\/www.waldkindergarten-tarp.de\/wordpress\/wp-content\/uploads\/2022\/03\/wkgt_ev_logo-2-300x237-1.png\"><img class=\"size-full wp-image-16720 alignright\" src=\"http:\/\/www.waldkindergarten-tarp.de\/wordpress\/wp-content\/uploads\/2022\/03\/wkgt_ev_logo-2-300x237-1.png\" alt=\"\" width=\"300\" height=\"237\" \/><\/a>Hier finden Sie alle wichtigen Dokumente zum Download:<\/p>\r\n<p><a href=\"http:\/\/www.waldkindergarten-tarp.de\/wordpress\/wp-content\/uploads\/2021\/08\/ANTRAG-zur-Aufnahme-des-Kindes.pdf\" target=\"_blank\" rel=\"noopener\">ANTRAG zur Aufnahme des Kindes<\/a><\/p>\r\n<p><a href=\"http:\/\/www.waldkindergarten-tarp.de\/wordpress\/wp-content\/uploads\/2021\/08\/ANTRAG-verlaengerte-Betreuung.pdf\" target=\"_blank\" rel=\"noopener\">ANTRAG verl\u00e4ngerte Betreuung<\/a><\/p>\r\n<p><a href=\"http:\/\/www.waldkindergarten-tarp.de\/wordpress\/wp-content\/uploads\/2021\/08\/Beitrittserklaerung-Eltern.pdf\" target=\"_blank\" rel=\"noopener\">Beitrittserkl\u00e4rung Eltern<\/a><\/p>\r\n<p><a href=\"http:\/\/www.waldkindergarten-tarp.de\/wordpress\/wp-content\/uploads\/2019\/08\/Notfallplan-2019-00130-1.pdf\" target=\"_blank\" rel=\"noopener\">Einverst\u00e4ndniserkl\u00e4rungen und Informationen f\u00fcr Notf\u00e4lle<\/a><\/p>\r\n<p><a href=\"http:\/\/www.waldkindergarten-tarp.de\/wordpress\/wp-content\/uploads\/2022\/03\/Konzept.pdf\" target=\"_blank\" rel=\"noopener\">Konzept des Waldkindergartens Tarp e.V.<\/a><\/p>\r\n<!-- wp:file {\"id\":781,\"href\":\"http:\/\/www.waldkindergarten-tarp.de\/wordpress\/wp-content\/uploads\/2019\/08\/Notfallplan-2019-00130.pdf\",\"align\":\"left\"} --><!-- \/wp:file -->\r\n\r\n<!-- wp:paragraph --><!-- \/wp:paragraph -->","_et_gb_content_width":"","pgc_sgb_lightbox_settings":"","jetpack_post_was_ever_published":false},"jetpack_sharing_enabled":true,"jetpack_shortlink":"https:\/\/wp.me\/P8J3oV-90","_links":{"self":[{"href":"https:\/\/www.waldkindergarten-tarp.de\/wordpress\/wp-json\/wp\/v2\/pages\/558"}],"collection":[{"href":"https:\/\/www.waldkindergarten-tarp.de\/wordpress\/wp-json\/wp\/v2\/pages"}],"about":[{"href":"https:\/\/www.waldkindergarten-tarp.de\/wordpress\/wp-json\/wp\/v2\/types\/page"}],"author":[{"embeddable":true,"href":"https:\/\/www.waldkindergarten-tarp.de\/wordpress\/wp-json\/wp\/v2\/users\/1"}],"replies":[{"embeddable":true,"href":"https:\/\/www.waldkindergarten-tarp.de\/wordpress\/wp-json\/wp\/v2\/comments?post=558"}],"version-history":[{"count":37,"href":"https:\/\/www.waldkindergarten-tarp.de\/wordpress\/wp-json\/wp\/v2\/pages\/558\/revisions"}],"predecessor-version":[{"id":17618,"href":"https:\/\/www.waldkindergarten-tarp.de\/wordpress\/wp-json\/wp\/v2\/pages\/558\/revisions\/17618"}],"wp:attachment":[{"href":"https:\/\/www.waldkindergarten-tarp.de\/wordpress\/wp-json\/wp\/v2\/media?parent=558"}],"curies":[{"name":"wp","href":"https:\/\/api.w.org\/{rel}","templated":true}]}}